{"id":269,"date":"2023-07-18T17:55:38","date_gmt":"2023-07-18T17:55:38","guid":{"rendered":"https:\/\/www.indrey.com.mx\/?page_id=269"},"modified":"2023-10-25T18:43:09","modified_gmt":"2023-10-25T18:43:09","slug":"plasticos-de-ingenieria","status":"publish","type":"page","link":"https:\/\/www.indrey.com.mx\/index.php\/plasticos-de-ingenieria\/","title":{"rendered":"Pl\u00e1sticos de Ingenier\u00eda"},"content":{"rendered":"\t\t<div data-elementor-type=\"wp-page\" data-elementor-id=\"269\" class=\"elementor elementor-269\" data-elementor-post-type=\"page\">\n\t\t\t\t\t\t\t\t\t<section class=\"elementor-section elementor-top-section elementor-element elementor-element-d1fa126 elementor-reverse-mobile elementor-section-boxed elementor-section-height-default elementor-section-height-default\" data-id=\"d1fa126\" data-element_type=\"section\">\n\t\t\t\t\t\t<div class=\"elementor-container elementor-column-gap-default\">\n\t\t\t\t\t<div class=\"aux-parallax-section elementor-column elementor-col-33 elementor-top-column elementor-element elementor-element-3f9a845\" data-id=\"3f9a845\" data-element_type=\"column\">\n\t\t\t<div class=\"elementor-widget-wrap elementor-element-populated\">\n\t\t\t\t\t\t\t\t<div class=\"elementor-element elementor-element-36bc0d2 elementor-widget elementor-widget-heading\" data-id=\"36bc0d2\" data-element_type=\"widget\" data-widget_type=\"heading.default\">\n\t\t\t\t<div class=\"elementor-widget-container\">\n\t\t\t<h3 class=\"elementor-heading-title elementor-size-default\">Nuestros Servicios<\/h3>\t\t<\/div>\n\t\t\t\t<\/div>\n\t\t\t\t<div class=\"elementor-element elementor-element-fb004d6 elementor-hidden-desktop elementor-hidden-tablet elementor-hidden-mobile elementor-icon-list--layout-traditional elementor-list-item-link-full_width elementor-widget elementor-widget-icon-list\" data-id=\"fb004d6\" data-element_type=\"widget\" data-widget_type=\"icon-list.default\">\n\t\t\t\t<div class=\"elementor-widget-container\">\n\t\t\t\t\t<ul class=\"elementor-icon-list-items\">\n\t\t\t\t\t\t\t<li class=\"elementor-icon-list-item\">\n\t\t\t\t\t\t\t\t\t\t\t<span class=\"elementor-icon-list-icon\">\n\t\t\t\t\t\t\t<i aria-hidden=\"true\" class=\"fas fa-chevron-right\"><\/i>\t\t\t\t\t\t<\/span>\n\t\t\t\t\t\t\t\t\t\t<span class=\"elementor-icon-list-text\">Acero Inoxidable<\/span>\n\t\t\t\t\t\t\t\t\t<\/li>\n\t\t\t\t\t\t\t\t<li class=\"elementor-icon-list-item\">\n\t\t\t\t\t\t\t\t\t\t\t<span class=\"elementor-icon-list-icon\">\n\t\t\t\t\t\t\t<i aria-hidden=\"true\" class=\"fas fa-chevron-right\"><\/i>\t\t\t\t\t\t<\/span>\n\t\t\t\t\t\t\t\t\t\t<span class=\"elementor-icon-list-text\">Perfiler\u00eda<\/span>\n\t\t\t\t\t\t\t\t\t<\/li>\n\t\t\t\t\t\t\t\t<li class=\"elementor-icon-list-item\">\n\t\t\t\t\t\t\t\t\t\t\t<span class=\"elementor-icon-list-icon\">\n\t\t\t\t\t\t\t<i aria-hidden=\"true\" class=\"auxicon auxicon-chevron-right-2\"><\/i>\t\t\t\t\t\t<\/span>\n\t\t\t\t\t\t\t\t\t\t<span class=\"elementor-icon-list-text\">Especialidades CNC<\/span>\n\t\t\t\t\t\t\t\t\t<\/li>\n\t\t\t\t\t\t<\/ul>\n\t\t\t\t<\/div>\n\t\t\t\t<\/div>\n\t\t\t\t<section class=\"elementor-section elementor-inner-section elementor-element elementor-element-b3e1431 elementor-section-boxed elementor-section-height-default elementor-section-height-default\" data-id=\"b3e1431\" data-element_type=\"section\">\n\t\t\t\t\t\t<div class=\"elementor-container elementor-column-gap-default\">\n\t\t\t\t\t<div class=\"aux-parallax-section elementor-column elementor-col-100 elementor-inner-column elementor-element elementor-element-cbe61a3\" data-id=\"cbe61a3\" data-element_type=\"column\" data-settings=\"{&quot;background_background&quot;:&quot;classic&quot;}\">\n\t\t\t<div class=\"elementor-widget-wrap elementor-element-populated\">\n\t\t\t\t\t<div class=\"elementor-background-overlay\"><\/div>\n\t\t\t\t\t\t\t\t<div class=\"elementor-element elementor-element-23d4902 elementor-widget elementor-widget-heading\" data-id=\"23d4902\" data-element_type=\"widget\" data-widget_type=\"heading.default\">\n\t\t\t\t<div class=\"elementor-widget-container\">\n\t\t\t<h3 class=\"elementor-heading-title elementor-size-default\">Presentaci\u00f3n<\/h3>\t\t<\/div>\n\t\t\t\t<\/div>\n\t\t\t\t<div class=\"elementor-element elementor-element-dae6d2b elementor-widget elementor-widget-text-editor\" data-id=\"dae6d2b\" data-element_type=\"widget\" data-widget_type=\"text-editor.default\">\n\t\t\t\t<div class=\"elementor-widget-container\">\n\t\t\t\t\t\t\t<p>Obtenga nuestro documento de presentaci\u00f3n para conocer m\u00e1s sobre nuestro servicio.<\/p>\t\t\t\t\t\t<\/div>\n\t\t\t\t<\/div>\n\t\t\t\t<div class=\"elementor-element elementor-element-b3bf434 elementor-align-justify elementor-widget elementor-widget-button\" data-id=\"b3bf434\" data-element_type=\"widget\" data-widget_type=\"button.default\">\n\t\t\t\t<div class=\"elementor-widget-container\">\n\t\t\t\t\t<div class=\"elementor-button-wrapper\">\n\t\t\t<a class=\"elementor-button elementor-button-link elementor-size-sm\" href=\"https:\/\/www.indrey.com.mx\/wp-content\/uploads\/2023\/09\/INDREY-CATALOGO-2.pdf\" download=\"\">\n\t\t\t\t\t\t<span class=\"elementor-button-content-wrapper\">\n\t\t\t\t\t\t<span class=\"elementor-button-text\">Descargar<\/span>\n\t\t<\/span>\n\t\t\t\t\t<\/a>\n\t\t<\/div>\n\t\t\t\t<\/div>\n\t\t\t\t<\/div>\n\t\t\t\t\t<\/div>\n\t\t<\/div>\n\t\t\t\t\t\t\t<\/div>\n\t\t<\/section>\n\t\t\t\t<section class=\"elementor-section elementor-inner-section elementor-element elementor-element-6c2b40e elementor-section-boxed elementor-section-height-default elementor-section-height-default\" data-id=\"6c2b40e\" data-element_type=\"section\">\n\t\t\t\t\t\t<div class=\"elementor-container elementor-column-gap-default\">\n\t\t\t\t\t<div class=\"aux-parallax-section elementor-column elementor-col-100 elementor-inner-column elementor-element elementor-element-7840cbb\" data-id=\"7840cbb\" data-element_type=\"column\" data-settings=\"{&quot;background_background&quot;:&quot;classic&quot;}\">\n\t\t\t<div class=\"elementor-widget-wrap elementor-element-populated\">\n\t\t\t\t\t<div class=\"elementor-background-overlay\"><\/div>\n\t\t\t\t\t\t\t\t<div class=\"elementor-element elementor-element-831a9c9 elementor-widget elementor-widget-heading\" data-id=\"831a9c9\" data-element_type=\"widget\" data-widget_type=\"heading.default\">\n\t\t\t\t<div class=\"elementor-widget-container\">\n\t\t\t<h3 class=\"elementor-heading-title elementor-size-default\">Necesita ayuda?<\/h3>\t\t<\/div>\n\t\t\t\t<\/div>\n\t\t\t\t<div class=\"elementor-element elementor-element-a1e4c64 elementor-widget elementor-widget-text-editor\" data-id=\"a1e4c64\" data-element_type=\"widget\" data-widget_type=\"text-editor.default\">\n\t\t\t\t<div class=\"elementor-widget-container\">\n\t\t\t\t\t\t\t<p><strong>Domicilio:<\/strong><br \/>Alfareros #163 Tonal\u00e1, Jalisco, GDL<\/p><p><strong>Tel\u00e9fonos:<\/strong><br \/>33 11 87 88 42<br \/>33 26 96 47 92<\/p>\t\t\t\t\t\t<\/div>\n\t\t\t\t<\/div>\n\t\t\t\t<div class=\"elementor-element elementor-element-963b575 elementor-align-justify elementor-widget elementor-widget-button\" data-id=\"963b575\" data-element_type=\"widget\" data-widget_type=\"button.default\">\n\t\t\t\t<div class=\"elementor-widget-container\">\n\t\t\t\t\t<div class=\"elementor-button-wrapper\">\n\t\t\t<a class=\"elementor-button elementor-button-link elementor-size-sm\" href=\"https:\/\/www.indrey.com.mx\/index.php\/contact\/\">\n\t\t\t\t\t\t<span class=\"elementor-button-content-wrapper\">\n\t\t\t\t\t\t<span class=\"elementor-button-text\">Cont\u00e1ctenos<\/span>\n\t\t<\/span>\n\t\t\t\t\t<\/a>\n\t\t<\/div>\n\t\t\t\t<\/div>\n\t\t\t\t<\/div>\n\t\t\t\t\t<\/div>\n\t\t<\/div>\n\t\t\t\t\t\t\t<\/div>\n\t\t<\/section>\n\t\t\t\t\t<\/div>\n\t\t<\/div>\n\t\t\t\t<div class=\"aux-parallax-section elementor-column elementor-col-66 elementor-top-column elementor-element elementor-element-4d1395c\" data-id=\"4d1395c\" data-element_type=\"column\">\n\t\t\t<div class=\"elementor-widget-wrap elementor-element-populated\">\n\t\t\t\t\t\t\t\t<div class=\"elementor-element elementor-element-17a6465 elementor-widget elementor-widget-heading\" data-id=\"17a6465\" data-element_type=\"widget\" data-widget_type=\"heading.default\">\n\t\t\t\t<div class=\"elementor-widget-container\">\n\t\t\t<h2 class=\"elementor-heading-title elementor-size-default\">Pl\u00e1sticos de ingenier\u00eda<\/h2>\t\t<\/div>\n\t\t\t\t<\/div>\n\t\t\t\t<section class=\"elementor-section elementor-inner-section elementor-element elementor-element-5ed3166 elementor-section-boxed elementor-section-height-default elementor-section-height-default\" data-id=\"5ed3166\" data-element_type=\"section\">\n\t\t\t\t\t\t<div class=\"elementor-container elementor-column-gap-default\">\n\t\t\t\t\t<div class=\"aux-parallax-section elementor-column elementor-col-50 elementor-inner-column elementor-element elementor-element-8d742f1\" data-id=\"8d742f1\" data-element_type=\"column\">\n\t\t\t<div class=\"elementor-widget-wrap elementor-element-populated\">\n\t\t\t\t\t\t\t\t<div class=\"elementor-element elementor-element-9e86f85 elementor-widget elementor-widget-image\" data-id=\"9e86f85\" data-element_type=\"widget\" data-widget_type=\"image.default\">\n\t\t\t\t<div class=\"elementor-widget-container\">\n\t\t\t\t\t\t\t\t\t\t\t\t\t\t\t<img decoding=\"async\" loading=\"lazy\" width=\"656\" height=\"446\" src=\"https:\/\/www.indrey.com.mx\/wp-content\/uploads\/2023\/07\/56_HMW.jpg\" class=\"attachment-large size-large wp-image-219\" alt=\"\" srcset=\"https:\/\/www.indrey.com.mx\/wp-content\/uploads\/2023\/07\/56_HMW.jpg 656w, https:\/\/www.indrey.com.mx\/wp-content\/uploads\/2023\/07\/56_HMW-200x136.jpg 200w\" sizes=\"(max-width: 656px) 100vw, 656px\" \/>\t\t\t\t\t\t\t\t\t\t\t\t\t\t\t<\/div>\n\t\t\t\t<\/div>\n\t\t\t\t\t<\/div>\n\t\t<\/div>\n\t\t\t\t<div class=\"aux-parallax-section elementor-column elementor-col-50 elementor-inner-column elementor-element elementor-element-ed0ee6f\" data-id=\"ed0ee6f\" data-element_type=\"column\">\n\t\t\t<div class=\"elementor-widget-wrap elementor-element-populated\">\n\t\t\t\t\t\t\t\t<div class=\"elementor-element elementor-element-39372c7 elementor-widget elementor-widget-text-editor\" data-id=\"39372c7\" data-element_type=\"widget\" data-widget_type=\"text-editor.default\">\n\t\t\t\t<div class=\"elementor-widget-container\">\n\t\t\t\t\t\t\t<p>En el \u00e1rea de pl\u00e1sticos de ingenier\u00eda contamos con Pl\u00e1sticos de alta tecnolog\u00eda para todo tipo de aplicaci\u00f3n y\u00a0\u00a0 para las industrias Automotriz, Alimenticia, Qu\u00edmica y Aeroespacial.<\/p><ul><li>\u00a0<\/li><\/ul>\t\t\t\t\t\t<\/div>\n\t\t\t\t<\/div>\n\t\t\t\t\t<\/div>\n\t\t<\/div>\n\t\t\t\t\t\t\t<\/div>\n\t\t<\/section>\n\t\t\t\t<div class=\"elementor-element elementor-element-d0b5dc2 elementor-widget elementor-widget-text-editor\" data-id=\"d0b5dc2\" data-element_type=\"widget\" data-widget_type=\"text-editor.default\">\n\t\t\t\t<div class=\"elementor-widget-container\">\n\t\t\t\t\t\t\t<p>Los materiales para desgaste, temperatura, abrasi\u00f3n, ataque qu\u00edmico, antiest\u00e1ticos entre otros son nuestra especialidad.<\/p>\t\t\t\t\t\t<\/div>\n\t\t\t\t<\/div>\n\t\t\t\t<section class=\"elementor-section elementor-inner-section elementor-element elementor-element-f8f6564 elementor-section-boxed elementor-section-height-default elementor-section-height-default\" data-id=\"f8f6564\" data-element_type=\"section\">\n\t\t\t\t\t\t<div class=\"elementor-container elementor-column-gap-default\">\n\t\t\t\t\t<div class=\"aux-parallax-section elementor-column elementor-col-25 elementor-inner-column elementor-element elementor-element-c3aa6e0\" data-id=\"c3aa6e0\" data-element_type=\"column\" data-settings=\"{&quot;background_background&quot;:&quot;classic&quot;}\">\n\t\t\t<div class=\"elementor-widget-wrap elementor-element-populated\">\n\t\t\t\t\t\t\t\t<div class=\"elementor-element elementor-element-f2ecff9 elementor-widget elementor-widget-e_image_hover_effects\" data-id=\"f2ecff9\" data-element_type=\"widget\" data-widget_type=\"e_image_hover_effects.default\">\n\t\t\t\t<div class=\"elementor-widget-container\">\n\t\t\t\t\t\t<div class=\"eihe-box eihe-fade eihe_center\">\n\t\t\t\t<img loading=\"lazy\" width=\"167\" height=\"166\" src=\"https:\/\/www.indrey.com.mx\/wp-content\/uploads\/2023\/08\/Picture5.jpg\" class=\"attachment-full size-full wp-image-489\" alt=\"\" decoding=\"async\" srcset=\"https:\/\/www.indrey.com.mx\/wp-content\/uploads\/2023\/08\/Picture5.jpg 167w, https:\/\/www.indrey.com.mx\/wp-content\/uploads\/2023\/08\/Picture5-150x150.jpg 150w\" sizes=\"(max-width: 167px) 100vw, 167px\" \/>\t\t\t\t<div class=\"eihe-caption\">\n\t\t\t\t\t<div class=\"eihe-title-cover\">\n\t\t\t\t\t\t\t\t\t\t\t\t<h3 class=\"eihe-title\">HDPE polietileno de alta densidad<\/h3>\n\t\t\t\t\t\t\t\t\t\t\t<\/div>\n\t\t\t\t\t<p>Es resistente a la humedad y la corrosi\u00f3n<\/p>\n\t\t\t\t<\/div>\n\t\t\t<\/div>\n\t\t\t\t<\/div>\n\t\t\t\t<\/div>\n\t\t\t\t\t<\/div>\n\t\t<\/div>\n\t\t\t\t<div class=\"aux-parallax-section elementor-column elementor-col-25 elementor-inner-column elementor-element elementor-element-85fac75\" data-id=\"85fac75\" data-element_type=\"column\">\n\t\t\t<div class=\"elementor-widget-wrap elementor-element-populated\">\n\t\t\t\t\t\t\t\t<div class=\"elementor-element elementor-element-3f8f2e5 elementor-widget elementor-widget-e_image_hover_effects\" data-id=\"3f8f2e5\" data-element_type=\"widget\" data-widget_type=\"e_image_hover_effects.default\">\n\t\t\t\t<div class=\"elementor-widget-container\">\n\t\t\t\t\t\t<div class=\"eihe-box eihe-fade eihe_center\">\n\t\t\t\t<img loading=\"lazy\" width=\"167\" height=\"166\" src=\"https:\/\/www.indrey.com.mx\/wp-content\/uploads\/2023\/08\/Picture5.png\" class=\"attachment-full size-full wp-image-478\" alt=\"\" decoding=\"async\" srcset=\"https:\/\/www.indrey.com.mx\/wp-content\/uploads\/2023\/08\/Picture5.png 167w, https:\/\/www.indrey.com.mx\/wp-content\/uploads\/2023\/08\/Picture5-150x150.png 150w\" sizes=\"(max-width: 167px) 100vw, 167px\" \/>\t\t\t\t<div class=\"eihe-caption\">\n\t\t\t\t\t<div class=\"eihe-title-cover\">\n\t\t\t\t\t\t\t\t\t\t\t\t<h3 class=\"eihe-title\">Polipropileno<\/h3>\n\t\t\t\t\t\t\t\t\t\t\t<\/div>\n\t\t\t\t\t<p>Tiene una alta resistencia Qu\u00edmica<\/p>\n\t\t\t\t<\/div>\n\t\t\t<\/div>\n\t\t\t\t<\/div>\n\t\t\t\t<\/div>\n\t\t\t\t\t<\/div>\n\t\t<\/div>\n\t\t\t\t<div class=\"aux-parallax-section elementor-column elementor-col-25 elementor-inner-column elementor-element elementor-element-3fedcb6\" data-id=\"3fedcb6\" data-element_type=\"column\">\n\t\t\t<div class=\"elementor-widget-wrap elementor-element-populated\">\n\t\t\t\t\t\t\t\t<div class=\"elementor-element elementor-element-4ec0523 elementor-widget elementor-widget-e_image_hover_effects\" data-id=\"4ec0523\" data-element_type=\"widget\" data-widget_type=\"e_image_hover_effects.default\">\n\t\t\t\t<div class=\"elementor-widget-container\">\n\t\t\t\t\t\t<div class=\"eihe-box eihe-fade eihe_center\">\n\t\t\t\t<img loading=\"lazy\" width=\"190\" height=\"189\" src=\"https:\/\/www.indrey.com.mx\/wp-content\/uploads\/2023\/08\/Picture6.png\" class=\"attachment-full size-full wp-image-479\" alt=\"\" decoding=\"async\" srcset=\"https:\/\/www.indrey.com.mx\/wp-content\/uploads\/2023\/08\/Picture6.png 190w, https:\/\/www.indrey.com.mx\/wp-content\/uploads\/2023\/08\/Picture6-150x150.png 150w\" sizes=\"(max-width: 190px) 100vw, 190px\" \/>\t\t\t\t<div class=\"eihe-caption\">\n\t\t\t\t\t<div class=\"eihe-title-cover\">\n\t\t\t\t\t\t\t\t\t\t\t\t<h3 class=\"eihe-title\">Policarbonato<\/h3>\n\t\t\t\t\t\t\t\t\t\t\t<\/div>\n\t\t\t\t\t<p>Conocido por su alta resistencia al impacto y claridad \u00f3ptica<\/p>\n\t\t\t\t<\/div>\n\t\t\t<\/div>\n\t\t\t\t<\/div>\n\t\t\t\t<\/div>\n\t\t\t\t\t<\/div>\n\t\t<\/div>\n\t\t\t\t<div class=\"aux-parallax-section elementor-column elementor-col-25 elementor-inner-column elementor-element elementor-element-32303d8\" data-id=\"32303d8\" data-element_type=\"column\">\n\t\t\t<div class=\"elementor-widget-wrap elementor-element-populated\">\n\t\t\t\t\t\t\t\t<div class=\"elementor-element elementor-element-720d9f5 elementor-widget elementor-widget-e_image_hover_effects\" data-id=\"720d9f5\" data-element_type=\"widget\" data-widget_type=\"e_image_hover_effects.default\">\n\t\t\t\t<div class=\"elementor-widget-container\">\n\t\t\t\t\t\t<div class=\"eihe-box eihe-fade eihe_center\">\n\t\t\t\t<img loading=\"lazy\" width=\"167\" height=\"166\" src=\"https:\/\/www.indrey.com.mx\/wp-content\/uploads\/2023\/08\/w.jpg\" class=\"attachment-full size-full wp-image-490\" alt=\"\" decoding=\"async\" srcset=\"https:\/\/www.indrey.com.mx\/wp-content\/uploads\/2023\/08\/w.jpg 167w, https:\/\/www.indrey.com.mx\/wp-content\/uploads\/2023\/08\/w-150x150.jpg 150w\" sizes=\"(max-width: 167px) 100vw, 167px\" \/>\t\t\t\t<div class=\"eihe-caption\">\n\t\t\t\t\t<div class=\"eihe-title-cover\">\n\t\t\t\t\t\t\t\t\t\t\t\t<h3 class=\"eihe-title\">UHMW-PE<\/h3>\n\t\t\t\t\t\t\t\t\t\t\t<\/div>\n\t\t\t\t\t<p>Ofrece una excelente resistencia al desgaste<\/p>\n\t\t\t\t<\/div>\n\t\t\t<\/div>\n\t\t\t\t<\/div>\n\t\t\t\t<\/div>\n\t\t\t\t\t<\/div>\n\t\t<\/div>\n\t\t\t\t\t\t\t<\/div>\n\t\t<\/section>\n\t\t\t\t<section class=\"elementor-section elementor-inner-section elementor-element elementor-element-4873dcd elementor-section-boxed elementor-section-height-default elementor-section-height-default\" data-id=\"4873dcd\" data-element_type=\"section\">\n\t\t\t\t\t\t<div class=\"elementor-container elementor-column-gap-default\">\n\t\t\t\t\t<div class=\"aux-parallax-section elementor-column elementor-col-25 elementor-inner-column elementor-element elementor-element-0b33d3a\" data-id=\"0b33d3a\" data-element_type=\"column\" data-settings=\"{&quot;background_background&quot;:&quot;classic&quot;}\">\n\t\t\t<div class=\"elementor-widget-wrap elementor-element-populated\">\n\t\t\t\t\t\t\t\t<div class=\"elementor-element elementor-element-87c7b58 elementor-widget elementor-widget-e_image_hover_effects\" data-id=\"87c7b58\" data-element_type=\"widget\" data-widget_type=\"e_image_hover_effects.default\">\n\t\t\t\t<div class=\"elementor-widget-container\">\n\t\t\t\t\t\t<div class=\"eihe-box eihe-fade eihe_center\">\n\t\t\t\t<img loading=\"lazy\" width=\"167\" height=\"166\" src=\"https:\/\/www.indrey.com.mx\/wp-content\/uploads\/2023\/08\/abs.jpg\" class=\"attachment-full size-full wp-image-494\" alt=\"\" decoding=\"async\" srcset=\"https:\/\/www.indrey.com.mx\/wp-content\/uploads\/2023\/08\/abs.jpg 167w, https:\/\/www.indrey.com.mx\/wp-content\/uploads\/2023\/08\/abs-150x150.jpg 150w\" sizes=\"(max-width: 167px) 100vw, 167px\" \/>\t\t\t\t<div class=\"eihe-caption\">\n\t\t\t\t\t<div class=\"eihe-title-cover\">\n\t\t\t\t\t\t\t\t\t\t\t\t<h3 class=\"eihe-title\">ABS<\/h3>\n\t\t\t\t\t\t\t\t\t\t\t<\/div>\n\t\t\t\t\t<p>Es conocido por su resistencia al impacto<\/p>\n\t\t\t\t<\/div>\n\t\t\t<\/div>\n\t\t\t\t<\/div>\n\t\t\t\t<\/div>\n\t\t\t\t\t<\/div>\n\t\t<\/div>\n\t\t\t\t<div class=\"aux-parallax-section elementor-column elementor-col-25 elementor-inner-column elementor-element elementor-element-dd3454a\" data-id=\"dd3454a\" data-element_type=\"column\">\n\t\t\t<div class=\"elementor-widget-wrap elementor-element-populated\">\n\t\t\t\t\t\t\t\t<div class=\"elementor-element elementor-element-657af07 elementor-widget elementor-widget-e_image_hover_effects\" data-id=\"657af07\" data-element_type=\"widget\" data-widget_type=\"e_image_hover_effects.default\">\n\t\t\t\t<div class=\"elementor-widget-container\">\n\t\t\t\t\t\t<div class=\"eihe-box eihe-fade eihe_center\">\n\t\t\t\t<img loading=\"lazy\" width=\"167\" height=\"166\" src=\"https:\/\/www.indrey.com.mx\/wp-content\/uploads\/2023\/08\/teflon.jpg\" class=\"attachment-full size-full wp-image-498\" alt=\"\" decoding=\"async\" srcset=\"https:\/\/www.indrey.com.mx\/wp-content\/uploads\/2023\/08\/teflon.jpg 167w, https:\/\/www.indrey.com.mx\/wp-content\/uploads\/2023\/08\/teflon-150x150.jpg 150w\" sizes=\"(max-width: 167px) 100vw, 167px\" \/>\t\t\t\t<div class=\"eihe-caption\">\n\t\t\t\t\t<div class=\"eihe-title-cover\">\n\t\t\t\t\t\t\t\t\t\t\t\t<h3 class=\"eihe-title\">Tefl\u00f3n<\/h3>\n\t\t\t\t\t\t\t\t\t\t\t<\/div>\n\t\t\t\t\t<p>Conocido por su alta resistencia qu\u00edmica y resistencia al calor<\/p>\n\t\t\t\t<\/div>\n\t\t\t<\/div>\n\t\t\t\t<\/div>\n\t\t\t\t<\/div>\n\t\t\t\t\t<\/div>\n\t\t<\/div>\n\t\t\t\t<div class=\"aux-parallax-section elementor-column elementor-col-25 elementor-inner-column elementor-element elementor-element-fc7c968\" data-id=\"fc7c968\" data-element_type=\"column\">\n\t\t\t<div class=\"elementor-widget-wrap elementor-element-populated\">\n\t\t\t\t\t\t\t\t<div class=\"elementor-element elementor-element-835bb83 elementor-widget elementor-widget-e_image_hover_effects\" data-id=\"835bb83\" data-element_type=\"widget\" data-widget_type=\"e_image_hover_effects.default\">\n\t\t\t\t<div class=\"elementor-widget-container\">\n\t\t\t\t\t\t<div class=\"eihe-box eihe-fade eihe_center\">\n\t\t\t\t<img loading=\"lazy\" width=\"167\" height=\"166\" src=\"https:\/\/www.indrey.com.mx\/wp-content\/uploads\/2023\/08\/dw.jpg\" class=\"attachment-full size-full wp-image-503\" alt=\"\" decoding=\"async\" srcset=\"https:\/\/www.indrey.com.mx\/wp-content\/uploads\/2023\/08\/dw.jpg 167w, https:\/\/www.indrey.com.mx\/wp-content\/uploads\/2023\/08\/dw-150x150.jpg 150w\" sizes=\"(max-width: 167px) 100vw, 167px\" \/>\t\t\t\t<div class=\"eihe-caption\">\n\t\t\t\t\t<div class=\"eihe-title-cover\">\n\t\t\t\t\t\t\t\t\t\t\t\t<h3 class=\"eihe-title\">PEEK<\/h3>\n\t\t\t\t\t\t\t\t\t\t\t<\/div>\n\t\t\t\t\t<p>Se utiliza en aplicaciones de alta temperatura y alto rendimiento<\/p>\n\t\t\t\t<\/div>\n\t\t\t<\/div>\n\t\t\t\t<\/div>\n\t\t\t\t<\/div>\n\t\t\t\t\t<\/div>\n\t\t<\/div>\n\t\t\t\t<div class=\"aux-parallax-section elementor-column elementor-col-25 elementor-inner-column elementor-element elementor-element-8117d9f\" data-id=\"8117d9f\" data-element_type=\"column\">\n\t\t\t<div class=\"elementor-widget-wrap\">\n\t\t\t\t\t\t\t\t\t<\/div>\n\t\t<\/div>\n\t\t\t\t\t\t\t<\/div>\n\t\t<\/section>\n\t\t\t\t<section class=\"elementor-section elementor-inner-section elementor-element elementor-element-5ff5855 elementor-section-boxed elementor-section-height-default elementor-section-height-default\" data-id=\"5ff5855\" data-element_type=\"section\">\n\t\t\t\t\t\t<div class=\"elementor-container elementor-column-gap-default\">\n\t\t\t\t\t<div class=\"aux-parallax-section elementor-column elementor-col-50 elementor-inner-column elementor-element elementor-element-69fdde6\" data-id=\"69fdde6\" data-element_type=\"column\">\n\t\t\t<div class=\"elementor-widget-wrap elementor-element-populated\">\n\t\t\t\t\t\t\t\t<div class=\"elementor-element elementor-element-dc313d5 elementor-widget elementor-widget-text-editor\" data-id=\"dc313d5\" data-element_type=\"widget\" data-widget_type=\"text-editor.default\">\n\t\t\t\t<div class=\"elementor-widget-container\">\n\t\t\t\t\t\t\t<h3>Pl\u00e1sticos ESD<\/h3><ul><li>Semitron<\/li><li>Policarbonato<\/li><li>Acr\u00edlico<\/li><li>UHMW<\/li><\/ul>\t\t\t\t\t\t<\/div>\n\t\t\t\t<\/div>\n\t\t\t\t\t<\/div>\n\t\t<\/div>\n\t\t\t\t<div class=\"aux-parallax-section elementor-column elementor-col-50 elementor-inner-column elementor-element elementor-element-5a43387\" data-id=\"5a43387\" data-element_type=\"column\">\n\t\t\t<div class=\"elementor-widget-wrap\">\n\t\t\t\t\t\t\t\t\t<\/div>\n\t\t<\/div>\n\t\t\t\t\t\t\t<\/div>\n\t\t<\/section>\n\t\t\t\t\t<\/div>\n\t\t<\/div>\n\t\t\t\t\t\t\t<\/div>\n\t\t<\/section>\n\t\t\t\t\t\t\t<\/div>\n\t\t","protected":false},"excerpt":{"rendered":"<p>Nuestros Servicios Acero Inoxidable Perfiler\u00eda Especialidades CNC Presentaci\u00f3n Obtenga nuestro documento de presentaci\u00f3n para conocer m\u00e1s sobre nuestro servicio. Descargar Necesita ayuda? Domicilio:Alfareros #163 Tonal\u00e1, Jalisco, GDL Tel\u00e9fonos:33 11 87 88 4233 26 96 47 92 Cont\u00e1ctenos Pl\u00e1sticos de ingenier\u00eda En el \u00e1rea de pl\u00e1sticos de ingenier\u00eda contamos con Pl\u00e1sticos de alta tecnolog\u00eda para todo [&hellip;]<\/p>\n","protected":false},"author":1,"featured_media":0,"parent":0,"menu_order":0,"comment_status":"closed","ping_status":"closed","template":"","meta":{"footnotes":""},"_links":{"self":[{"href":"https:\/\/www.indrey.com.mx\/index.php\/wp-json\/wp\/v2\/pages\/269"}],"collection":[{"href":"https:\/\/www.indrey.com.mx\/index.php\/wp-json\/wp\/v2\/pages"}],"about":[{"href":"https:\/\/www.indrey.com.mx\/index.php\/wp-json\/wp\/v2\/types\/page"}],"author":[{"embeddable":true,"href":"https:\/\/www.indrey.com.mx\/index.php\/wp-json\/wp\/v2\/users\/1"}],"replies":[{"embeddable":true,"href":"https:\/\/www.indrey.com.mx\/index.php\/wp-json\/wp\/v2\/comments?post=269"}],"version-history":[{"count":58,"href":"https:\/\/www.indrey.com.mx\/index.php\/wp-json\/wp\/v2\/pages\/269\/revisions"}],"predecessor-version":[{"id":877,"href":"https:\/\/www.indrey.com.mx\/index.php\/wp-json\/wp\/v2\/pages\/269\/revisions\/877"}],"wp:attachment":[{"href":"https:\/\/www.indrey.com.mx\/index.php\/wp-json\/wp\/v2\/media?parent=269"}],"curies":[{"name":"wp","href":"https:\/\/api.w.org\/{rel}","templated":true}]}}